{"id":25,"date":"2023-09-19T14:55:53","date_gmt":"2023-09-19T14:55:53","guid":{"rendered":"https:\/\/annemarie-eilfeld.de\/?page_id=25"},"modified":"2023-11-14T12:44:54","modified_gmt":"2023-11-14T12:44:54","slug":"about","status":"publish","type":"page","link":"https:\/\/annemarie-eilfeld.de\/index.php\/about\/","title":{"rendered":"About"},"content":{"rendered":"\t\t<div data-elementor-type=\"wp-page\" data-elementor-id=\"25\" class=\"elementor elementor-25\" data-elementor-post-type=\"page\">\n\t\t\t\t<div data-particle_enable=\"false\" data-particle-mobile-disabled=\"false\" class=\"elementor-element elementor-element-6913b47 e-flex e-con-boxed e-con e-parent\" data-id=\"6913b47\" data-element_type=\"container\" data-e-type=\"container\" data-settings=\"{&quot;background_background&quot;:&quot;classic&quot;}\">\n\t\t\t\t\t<div class=\"e-con-inner\">\n\t\t<div data-particle_enable=\"false\" data-particle-mobile-disabled=\"false\" class=\"elementor-element elementor-element-7490ff8 e-flex e-con-boxed e-con e-child\" data-id=\"7490ff8\" data-element_type=\"container\" data-e-type=\"container\">\n\t\t\t\t\t<div class=\"e-con-inner\">\n\t\t\t\t<div class=\"elementor-element elementor-element-eeec18f elementor-widget elementor-widget-heading\" data-id=\"eeec18f\" data-element_type=\"widget\" data-e-type=\"widget\" data-widget_type=\"heading.default\">\n\t\t\t\t<div class=\"elementor-widget-container\">\n\t\t\t\t\t<h2 class=\"elementor-heading-title elementor-size-default\">About<\/h2>\t\t\t\t<\/div>\n\t\t\t\t<\/div>\n\t\t\t\t\t<\/div>\n\t\t\t\t<\/div>\n\t\t\t\t\t<\/div>\n\t\t\t\t<\/div>\n\t\t<div data-particle_enable=\"false\" data-particle-mobile-disabled=\"false\" class=\"elementor-element elementor-element-e3fa42f e-flex e-con-boxed e-con e-parent\" data-id=\"e3fa42f\" data-element_type=\"container\" data-e-type=\"container\" data-settings=\"{&quot;background_background&quot;:&quot;classic&quot;}\">\n\t\t\t\t\t<div class=\"e-con-inner\">\n\t\t<div data-particle_enable=\"false\" data-particle-mobile-disabled=\"false\" class=\"elementor-element elementor-element-0f90c50 e-flex e-con-boxed e-con e-child\" data-id=\"0f90c50\" data-element_type=\"container\" data-e-type=\"container\" data-settings=\"{&quot;background_background&quot;:&quot;classic&quot;}\">\n\t\t\t\t\t<div class=\"e-con-inner\">\n\t\t\t\t<div class=\"elementor-element elementor-element-89cf5a8 elementor-widget elementor-widget-heading\" data-id=\"89cf5a8\" data-element_type=\"widget\" data-e-type=\"widget\" data-widget_type=\"heading.default\">\n\t\t\t\t<div class=\"elementor-widget-container\">\n\t\t\t\t\t<h2 class=\"elementor-heading-title elementor-size-default\">Annemarie Eilfeld<\/h2>\t\t\t\t<\/div>\n\t\t\t\t<\/div>\n\t\t\t\t<div class=\"elementor-element elementor-element-690aa2f elementor-widget elementor-widget-image\" data-id=\"690aa2f\" data-element_type=\"widget\" data-e-type=\"widget\" data-widget_type=\"image.default\">\n\t\t\t\t<div class=\"elementor-widget-container\">\n\t\t\t\t\t\t\t\t\t\t\t\t\t\t\t<img decoding=\"async\" width=\"266\" height=\"10\" src=\"https:\/\/annemarie-eilfeld.de\/wp-content\/uploads\/2023\/09\/home_musician_sep4.png\" class=\"attachment-large size-large wp-image-28\" alt=\"\" \/>\t\t\t\t\t\t\t\t\t\t\t\t\t\t\t<\/div>\n\t\t\t\t<\/div>\n\t\t<div data-particle_enable=\"false\" data-particle-mobile-disabled=\"false\" class=\"elementor-element elementor-element-293ccba e-flex e-con-boxed e-con e-child\" data-id=\"293ccba\" data-element_type=\"container\" data-e-type=\"container\">\n\t\t\t\t\t<div class=\"e-con-inner\">\n\t\t<div data-particle_enable=\"false\" data-particle-mobile-disabled=\"false\" class=\"elementor-element elementor-element-3b3a0eb e-flex e-con-boxed e-con e-child\" data-id=\"3b3a0eb\" data-element_type=\"container\" data-e-type=\"container\">\n\t\t\t\t\t<div class=\"e-con-inner\">\n\t\t\t\t<div class=\"elementor-element elementor-element-08140fd elementor-widget elementor-widget-text-editor\" data-id=\"08140fd\" data-element_type=\"widget\" data-e-type=\"widget\" data-widget_type=\"text-editor.default\">\n\t\t\t\t<div class=\"elementor-widget-container\">\n\t\t\t\t\t\t\t\t\t<p>Annemarie Eilfeld geh\u00f6rt zu den Top S\u00e4ngerinnen der deutschen Branche, mit \u00fcber 15 Jahren B\u00fchnen-Erfahrungen und mehreren erfolgreichen\u00a0<b>Charthits\u00a0<\/b>hat sie sich in den letzten Jahren einen guten Namen als S\u00e4ngerin und Songschreiberin gemacht.<\/p><p>Im Alter von 7 Jahren begann alles mit einer klassischen Gesangsausbildung an der Musikhochschule Leipzig, Annemarie sang in verschiedenen Kinder- und Jugendmusicals und gewann mehrere Talentwettbewerbe in Sachsen-Anhalt und deutschlandweit.<\/p>\t\t\t\t\t\t\t\t<\/div>\n\t\t\t\t<\/div>\n\t\t\t\t\t<\/div>\n\t\t\t\t<\/div>\n\t\t<div data-particle_enable=\"false\" data-particle-mobile-disabled=\"false\" class=\"elementor-element elementor-element-a068769 e-flex e-con-boxed e-con e-child\" data-id=\"a068769\" data-element_type=\"container\" data-e-type=\"container\">\n\t\t\t\t\t<div class=\"e-con-inner\">\n\t\t\t\t<div class=\"elementor-element elementor-element-c359f9a elementor-widget elementor-widget-text-editor\" data-id=\"c359f9a\" data-element_type=\"widget\" data-e-type=\"widget\" data-widget_type=\"text-editor.default\">\n\t\t\t\t<div class=\"elementor-widget-container\">\n\t\t\t\t\t\t\t\t\t<p>Sp\u00e4ter war Annemarie als j\u00fcngste Rock- und Pop S\u00e4ngerin Deutschlands Solo und als Frontfrau erfolgreicher Coverbands in Deutschland und \u00d6sterreich unterwegs, bis sie sich im Jahr 2009 bei der\u00a0<b>\u201eDeutschland sucht den Superstar\u201c<\/b>\u00a0bewarb und sich bis in die Top 3 von 32.000 Bewerbern durchsetzte. Es folgten Engagements als Schauspielerin (GZSZ, Alarm f\u00fcr Cobra 11), Model (u.a. F\u00fcr den Otto Katalog) und TV Auftritte von ZDF Fernsehgarten, The Dome bis hin zu Willkommen bei Carmen Nebel.<\/p>\t\t\t\t\t\t\t\t<\/div>\n\t\t\t\t<\/div>\n\t\t\t\t\t<\/div>\n\t\t\t\t<\/div>\n\t\t<div data-particle_enable=\"false\" data-particle-mobile-disabled=\"false\" class=\"elementor-element elementor-element-0ef7630 e-flex e-con-boxed e-con e-child\" data-id=\"0ef7630\" data-element_type=\"container\" data-e-type=\"container\">\n\t\t\t\t\t<div class=\"e-con-inner\">\n\t\t\t\t<div class=\"elementor-element elementor-element-03becb1 elementor-widget elementor-widget-text-editor\" data-id=\"03becb1\" data-element_type=\"widget\" data-e-type=\"widget\" data-widget_type=\"text-editor.default\">\n\t\t\t\t<div class=\"elementor-widget-container\">\n\t\t\t\t\t\t\t\t\t<p>Nicht nur als S\u00e4ngerin und Moderatorin (u.a. bei Radio Paloma, Radio Schlagerparadies) auch als Songschreiberin (f\u00fcr sich selbst und diverse andere K\u00fcnstler wie Ireen Sheer, Bata Illic, Hein Simons oder ESC-Star Athena Manoukian) hat Annemarie vor allem in den letzten Jahren positive Schlagzeilen gemacht.<br \/>Mit ihren Singles wie \u201eEs geht vorbei\u201c, \u201eDein Herz ist eine Geisterstadt\u201c, \u201eHoch hinaus\u201c oder \u201eWas ist schon normal\u201c gilt sie mittlerweile als Dauergast in vielen nationalen sowie internationalen Hitparaden.<\/p>\t\t\t\t\t\t\t\t<\/div>\n\t\t\t\t<\/div>\n\t\t\t\t\t<\/div>\n\t\t\t\t<\/div>\n\t\t\t\t\t<\/div>\n\t\t\t\t<\/div>\n\t\t\t\t\t<\/div>\n\t\t\t\t<\/div>\n\t\t\t\t\t<\/div>\n\t\t\t\t<\/div>\n\t\t<div data-particle_enable=\"false\" data-particle-mobile-disabled=\"false\" class=\"elementor-element elementor-element-6b09314 e-flex e-con-boxed e-con e-parent\" data-id=\"6b09314\" data-element_type=\"container\" data-e-type=\"container\">\n\t\t\t\t\t<div class=\"e-con-inner\">\n\t\t<div data-particle_enable=\"false\" data-particle-mobile-disabled=\"false\" class=\"elementor-element elementor-element-099be62 e-flex e-con-boxed e-con e-child\" data-id=\"099be62\" data-element_type=\"container\" data-e-type=\"container\">\n\t\t\t\t\t<div class=\"e-con-inner\">\n\t\t\t\t<div class=\"elementor-element elementor-element-c17fb2a elementor-widget elementor-widget-image\" data-id=\"c17fb2a\" data-element_type=\"widget\" data-e-type=\"widget\" data-widget_type=\"image.default\">\n\t\t\t\t<div class=\"elementor-widget-container\">\n\t\t\t\t\t\t\t\t\t\t\t\t\t\t\t<img fetchpriority=\"high\" decoding=\"async\" width=\"731\" height=\"1024\" src=\"https:\/\/annemarie-eilfeld.de\/wp-content\/uploads\/2023\/09\/DSC_2878-1-731x1024.jpg\" class=\"attachment-large size-large wp-image-30\" alt=\"\" srcset=\"https:\/\/annemarie-eilfeld.de\/wp-content\/uploads\/2023\/09\/DSC_2878-1-731x1024.jpg 731w, https:\/\/annemarie-eilfeld.de\/wp-content\/uploads\/2023\/09\/DSC_2878-1-214x300.jpg 214w, https:\/\/annemarie-eilfeld.de\/wp-content\/uploads\/2023\/09\/DSC_2878-1-768x1075.jpg 768w, https:\/\/annemarie-eilfeld.de\/wp-content\/uploads\/2023\/09\/DSC_2878-1-1097x1536.jpg 1097w, https:\/\/annemarie-eilfeld.de\/wp-content\/uploads\/2023\/09\/DSC_2878-1-1463x2048.jpg 1463w, https:\/\/annemarie-eilfeld.de\/wp-content\/uploads\/2023\/09\/DSC_2878-1-scaled.jpg 1828w\" sizes=\"(max-width: 731px) 100vw, 731px\" \/>\t\t\t\t\t\t\t\t\t\t\t\t\t\t\t<\/div>\n\t\t\t\t<\/div>\n\t\t\t\t<div class=\"elementor-element elementor-element-50a828c elementor-widget elementor-widget-image\" data-id=\"50a828c\" data-element_type=\"widget\" data-e-type=\"widget\" data-widget_type=\"image.default\">\n\t\t\t\t<div class=\"elementor-widget-container\">\n\t\t\t\t\t\t\t\t\t\t\t\t\t\t\t<img decoding=\"async\" width=\"731\" height=\"1024\" src=\"https:\/\/annemarie-eilfeld.de\/wp-content\/uploads\/2023\/09\/DSC_2936-2-731x1024.jpg\" class=\"attachment-large size-large wp-image-29\" alt=\"\" srcset=\"https:\/\/annemarie-eilfeld.de\/wp-content\/uploads\/2023\/09\/DSC_2936-2-731x1024.jpg 731w, https:\/\/annemarie-eilfeld.de\/wp-content\/uploads\/2023\/09\/DSC_2936-2-214x300.jpg 214w, https:\/\/annemarie-eilfeld.de\/wp-content\/uploads\/2023\/09\/DSC_2936-2-768x1075.jpg 768w, https:\/\/annemarie-eilfeld.de\/wp-content\/uploads\/2023\/09\/DSC_2936-2-1097x1536.jpg 1097w, https:\/\/annemarie-eilfeld.de\/wp-content\/uploads\/2023\/09\/DSC_2936-2-1463x2048.jpg 1463w, https:\/\/annemarie-eilfeld.de\/wp-content\/uploads\/2023\/09\/DSC_2936-2-scaled.jpg 1829w\" sizes=\"(max-width: 731px) 100vw, 731px\" \/>\t\t\t\t\t\t\t\t\t\t\t\t\t\t\t<\/div>\n\t\t\t\t<\/div>\n\t\t\t\t\t<\/div>\n\t\t\t\t<\/div>\n\t\t\t\t\t<\/div>\n\t\t\t\t<\/div>\n\t\t<div data-particle_enable=\"false\" data-particle-mobile-disabled=\"false\" class=\"elementor-element elementor-element-fa2b584 e-flex e-con-boxed e-con e-parent\" data-id=\"fa2b584\" data-element_type=\"container\" data-e-type=\"container\">\n\t\t\t\t\t<div class=\"e-con-inner\">\n\t\t<div data-particle_enable=\"false\" data-particle-mobile-disabled=\"false\" class=\"elementor-element elementor-element-72fd384 e-flex e-con-boxed e-con e-child\" data-id=\"72fd384\" data-element_type=\"container\" data-e-type=\"container\">\n\t\t\t\t\t<div class=\"e-con-inner\">\n\t\t<div data-particle_enable=\"false\" data-particle-mobile-disabled=\"false\" class=\"elementor-element elementor-element-c0b0d91 e-flex e-con-boxed e-con e-child\" data-id=\"c0b0d91\" data-element_type=\"container\" data-e-type=\"container\">\n\t\t\t\t\t<div class=\"e-con-inner\">\n\t\t\t\t<div class=\"elementor-element elementor-element-618891b elementor-widget elementor-widget-heading\" data-id=\"618891b\" data-element_type=\"widget\" data-e-type=\"widget\" data-widget_type=\"heading.default\">\n\t\t\t\t<div class=\"elementor-widget-container\">\n\t\t\t\t\t<h2 class=\"elementor-heading-title elementor-size-default\">Aktuell<\/h2>\t\t\t\t<\/div>\n\t\t\t\t<\/div>\n\t\t\t\t<div class=\"elementor-element elementor-element-fa5d2d8 elementor-widget elementor-widget-image\" data-id=\"fa5d2d8\" data-element_type=\"widget\" data-e-type=\"widget\" data-widget_type=\"image.default\">\n\t\t\t\t<div class=\"elementor-widget-container\">\n\t\t\t\t\t\t\t\t\t\t\t\t\t\t\t<img decoding=\"async\" width=\"266\" height=\"10\" src=\"https:\/\/annemarie-eilfeld.de\/wp-content\/uploads\/2023\/09\/home_musician_sep4.png\" class=\"attachment-large size-large wp-image-28\" alt=\"\" \/>\t\t\t\t\t\t\t\t\t\t\t\t\t\t\t<\/div>\n\t\t\t\t<\/div>\n\t\t\t\t<div class=\"elementor-element elementor-element-171c27b elementor-widget elementor-widget-text-editor\" data-id=\"171c27b\" data-element_type=\"widget\" data-e-type=\"widget\" data-widget_type=\"text-editor.default\">\n\t\t\t\t<div class=\"elementor-widget-container\">\n\t\t\t\t\t\t\t\t\t<p><span style=\"word-break: break-word;\">Nachdem sie im August 2022 ihren ersten Sohn geboren hat startet Annemarie Eilfeld seit Fr\u00fchjahr 2023 wieder voll durch und steht wie gewohnt mit ihren professionellen T\u00e4nzerinnen,stark und mit einem abwechslungsreichen Programm, bestehend aus eigenen Songs und ausgesuchten Neuauflagen bekannter Hits auf der B\u00fchne.<\/span><\/p>\t\t\t\t\t\t\t\t<\/div>\n\t\t\t\t<\/div>\n\t\t\t\t\t<\/div>\n\t\t\t\t<\/div>\n\t\t\t\t\t<\/div>\n\t\t\t\t<\/div>\n\t\t\t\t\t<\/div>\n\t\t\t\t<\/div>\n\t\t<div data-particle_enable=\"false\" data-particle-mobile-disabled=\"false\" class=\"elementor-element elementor-element-940a063 e-flex e-con-boxed e-con e-parent\" data-id=\"940a063\" data-element_type=\"container\" data-e-type=\"container\">\n\t\t\t\t\t<div class=\"e-con-inner\">\n\t\t<div data-particle_enable=\"false\" data-particle-mobile-disabled=\"false\" class=\"elementor-element elementor-element-55fb53e e-flex e-con-boxed e-con e-child\" data-id=\"55fb53e\" data-element_type=\"container\" data-e-type=\"container\">\n\t\t\t\t\t<div class=\"e-con-inner\">\n\t\t<div data-particle_enable=\"false\" data-particle-mobile-disabled=\"false\" class=\"elementor-element elementor-element-4d303f1 e-flex e-con-boxed e-con e-child\" data-id=\"4d303f1\" data-element_type=\"container\" data-e-type=\"container\">\n\t\t\t\t\t<div class=\"e-con-inner\">\n\t\t\t\t<div class=\"elementor-element elementor-element-b837554 elementor-widget elementor-widget-heading\" data-id=\"b837554\" data-element_type=\"widget\" data-e-type=\"widget\" data-widget_type=\"heading.default\">\n\t\t\t\t<div class=\"elementor-widget-container\">\n\t\t\t\t\t<h2 class=\"elementor-heading-title elementor-size-default\">Musical &amp; Charity<\/h2>\t\t\t\t<\/div>\n\t\t\t\t<\/div>\n\t\t\t\t<div class=\"elementor-element elementor-element-976c38c elementor-widget elementor-widget-image\" data-id=\"976c38c\" data-element_type=\"widget\" data-e-type=\"widget\" data-widget_type=\"image.default\">\n\t\t\t\t<div class=\"elementor-widget-container\">\n\t\t\t\t\t\t\t\t\t\t\t\t\t\t\t<img decoding=\"async\" width=\"266\" height=\"10\" src=\"https:\/\/annemarie-eilfeld.de\/wp-content\/uploads\/2023\/09\/home_musician_sep4.png\" class=\"attachment-large size-large wp-image-28\" alt=\"\" \/>\t\t\t\t\t\t\t\t\t\t\t\t\t\t\t<\/div>\n\t\t\t\t<\/div>\n\t\t\t\t<div class=\"elementor-element elementor-element-f09163b elementor-widget elementor-widget-text-editor\" data-id=\"f09163b\" data-element_type=\"widget\" data-e-type=\"widget\" data-widget_type=\"text-editor.default\">\n\t\t\t\t<div class=\"elementor-widget-container\">\n\t\t\t\t\t\t\t\t\t<p>2015 und 2016 spielte sie 2 Jahre hintereinander die Hauptrolle des Engels in der Musical Produktion \u201eVom Geist der Weihnacht\u201c in Oberhausen, Duisburg und K\u00f6ln und lockte damit Tausende Zuschauer in die Theater.<br \/>Auch privat zeigt sich Annemarie gerne als (Schutz)Engel f\u00fcr die betroffenen Familien in der Mukoviszidose Selbsthilfe e.V. und als aktives Mitglied der DKMS.<br \/>Seit 2017 unterst\u00fctzt sie au\u00dferdem engagiert die Obdachlosen Hilfe Berlin zusammen mit Schlager Urgestein Frank Zander.<\/p>\t\t\t\t\t\t\t\t<\/div>\n\t\t\t\t<\/div>\n\t\t\t\t\t<\/div>\n\t\t\t\t<\/div>\n\t\t\t\t\t<\/div>\n\t\t\t\t<\/div>\n\t\t\t\t\t<\/div>\n\t\t\t\t<\/div>\n\t\t\t\t<\/div>\n\t\t","protected":false},"excerpt":{"rendered":"<p>About Annemarie Eilfeld Annemarie Eilfeld geh\u00f6rt zu den Top S\u00e4ngerinnen der deutschen Branche, mit \u00fcber 15 Jahren B\u00fchnen-Erfahrungen und mehreren erfolgreichen\u00a0Charthits\u00a0hat sie sich in den letzten Jahren einen guten Namen als S\u00e4ngerin und Songschreiberin gemacht. Im Alter von 7 Jahren begann alles mit einer klassischen Gesangsausbildung an der Musikhochschule Leipzig, Annemarie sang in verschiedenen Kinder- [&hellip;]<\/p>\n","protected":false},"author":1,"featured_media":0,"parent":0,"menu_order":0,"comment_status":"closed","ping_status":"closed","template":"","meta":{"footnotes":""},"class_list":["post-25","page","type-page","status-publish","hentry"],"_links":{"self":[{"href":"https:\/\/annemarie-eilfeld.de\/index.php\/wp-json\/wp\/v2\/pages\/25","targetHints":{"allow":["GET"]}}],"collection":[{"href":"https:\/\/annemarie-eilfeld.de\/index.php\/wp-json\/wp\/v2\/pages"}],"about":[{"href":"https:\/\/annemarie-eilfeld.de\/index.php\/wp-json\/wp\/v2\/types\/page"}],"author":[{"embeddable":true,"href":"https:\/\/annemarie-eilfeld.de\/index.php\/wp-json\/wp\/v2\/users\/1"}],"replies":[{"embeddable":true,"href":"https:\/\/annemarie-eilfeld.de\/index.php\/wp-json\/wp\/v2\/comments?post=25"}],"version-history":[{"count":7,"href":"https:\/\/annemarie-eilfeld.de\/index.php\/wp-json\/wp\/v2\/pages\/25\/revisions"}],"predecessor-version":[{"id":325,"href":"https:\/\/annemarie-eilfeld.de\/index.php\/wp-json\/wp\/v2\/pages\/25\/revisions\/325"}],"wp:attachment":[{"href":"https:\/\/annemarie-eilfeld.de\/index.php\/wp-json\/wp\/v2\/media?parent=25"}],"curies":[{"name":"wp","href":"https:\/\/api.w.org\/{rel}","templated":true}]}}